{"id":4617,"date":"2018-07-18T04:52:23","date_gmt":"2018-07-18T01:52:23","guid":{"rendered":"http:\/\/www.salsastudio.fi\/jyvaskyla\/?page_id=4617"},"modified":"2023-08-21T11:37:00","modified_gmt":"2023-08-21T08:37:00","slug":"yhteys","status":"publish","type":"page","link":"https:\/\/www.salsastudio.fi\/jyvaskyla\/yhteys\/","title":{"rendered":"Yhteys"},"content":{"rendered":"<p>[et_pb_section fb_built=&#8221;1&#8243; disabled_on=&#8221;on|on|off&#8221; _builder_version=&#8221;3.22&#8243; custom_margin=&#8221;-80px|||&#8221; custom_padding=&#8221;0px|||&#8221;][et_pb_row column_structure=&#8221;1_2,1_2&#8243; use_custom_gutter=&#8221;on&#8221; gutter_width=&#8221;1&#8243; padding_top_bottom_link_2=&#8221;true&#8221; padding_left_right_link_2=&#8221;true&#8221; module_class=&#8221; et_pb_row_fullwidth&#8221; _builder_version=&#8221;3.25&#8243; use_background_color_gradient=&#8221;on&#8221; background_color_gradient_start=&#8221;rgba(0,0,0,0.22)&#8221; background_color_gradient_end=&#8221;#ffffff&#8221; background_color_gradient_overlays_image=&#8221;on&#8221; background_image=&#8221;http:\/\/www.salsastudio.fi\/jyvaskyla\/wp-content\/uploads\/2018\/07\/Salsastudio_kuvitus_full-125.jpg&#8221; width=&#8221;100%&#8221; width_tablet=&#8221;100%&#8221; width_phone=&#8221;&#8221; width_last_edited=&#8221;on|desktop&#8221; max_width=&#8221;100%&#8221; max_width_tablet=&#8221;100%&#8221; max_width_phone=&#8221;&#8221; max_width_last_edited=&#8221;on|desktop&#8221; custom_padding=&#8221;275px|100px|275px|100px|true|true&#8221; make_fullwidth=&#8221;on&#8221;][et_pb_column type=&#8221;1_2&#8243; _builder_version=&#8221;3.25&#8243; custom_padding=&#8221;|||&#8221; custom_padding__hover=&#8221;|||&#8221;][et_pb_image src=&#8221;http:\/\/www.salsastudio.fi\/jyvaskyla\/wp-content\/uploads\/2018\/06\/salsastudio_logo_vaalea.png&#8221; align_tablet=&#8221;center&#8221; align_phone=&#8221;&#8221; align_last_edited=&#8221;on|desktop&#8221; _builder_version=&#8221;3.23&#8243; max_width=&#8221;75%&#8221; module_alignment=&#8221;center&#8221;][\/et_pb_image][et_pb_text _builder_version=&#8221;3.27.4&#8243; text_font=&#8221;Oswald||||||||&#8221; text_text_color=&#8221;#ba1978&#8243; text_font_size=&#8221;26px&#8221; text_letter_spacing=&#8221;20px&#8221; text_orientation=&#8221;center&#8221; custom_padding=&#8221;25px|||&#8221;]JYV\u00c4SKYL\u00c4<br \/>\n[\/et_pb_text][\/et_pb_column][et_pb_column type=&#8221;1_2&#8243; _builder_version=&#8221;3.25&#8243; custom_padding=&#8221;50px|50px|50px|50px&#8221; custom_padding__hover=&#8221;|||&#8221;][et_pb_text _builder_version=&#8221;3.27.4&#8243; text_font=&#8221;Roboto|300|||||||&#8221; text_text_color=&#8221;#000000&#8243; text_font_size=&#8221;22px&#8221; text_line_height=&#8221;1.5em&#8221; link_font=&#8221;||||||||&#8221; link_text_color=&#8221;#ba1978&#8243; header_font=&#8221;||||||||&#8221; header_6_font=&#8221;Roboto|300|||||||&#8221; header_6_text_color=&#8221;#000000&#8243; header_6_font_size=&#8221;18px&#8221; header_6_line_height=&#8221;1.5em&#8221; background_color=&#8221;rgba(255,255,255,0.8)&#8221; custom_margin=&#8221;-200px|||&#8221; custom_padding=&#8221;50px|50px|50px|50px|true|true&#8221;]<\/p>\n<p><strong>Tanssikoulu SalsaStudio Jyv\u00e4skyl\u00e4<br \/> <\/strong>Kauppakatu 21 (1.kerros, ylin summeri!)<br \/> 40100 Jyv\u00e4skyl\u00e4<\/p>\n<p>S\u00e4hk\u00f6posti:\u00a0<a href=\"mailto:%20jyvaskyla@salsastudio.fi\">jyvaskyla@salsastudio.fi<\/a><br \/> Puhelin:<strong>\u00a0<\/strong>045 268 4577<\/p>\n<h6><\/h6>\n<h6><\/h6>\n<h6>Tavoitat meid\u00e4t parhaiten vastaanottomme aukioloaikana iltaisin tanssituntien ajankohtana, muulloin vastaamme puheluihin mahdollisuuksien mukaan. Kiireellisiss\u00e4 asioissa Suvi Tuominiemi 0503616016.<\/h6>\n<h6>Toivomme aina ensisijaisesti yhteydenottoa s\u00e4hk\u00f6postitse, koska puheluihin vastaaminen on erityisesti tanssituntien alkamisajankohtana haasteellista vastaanotossa olevan ruuhkan vuoksi. Voit j\u00e4tt\u00e4\u00e4 meille my\u00f6s soittopyynn\u00f6n tekstiviestitse, jolloin soitamme sinulle takaisin saman p\u00e4iv\u00e4n aikana!<\/h6>\n<h6>Huomaathan, ett\u00e4 sis\u00e4\u00e4nk\u00e4ynti tiloihimme tapahtuu ovisummerilla (ylin summeri, &#8221;SalsaStudio&#8221;).<\/h6>\n<h6>Voit l\u00e4hett\u00e4\u00e4 meille palautetta koulumme tunneista, opettajista, kotisivuista jne. s\u00e4hk\u00f6postilla osoitteeseen<a href=\"mailto:%20jyvaskyla@salsastudio.fi\">jyvaskyla@salsastudio.fi<\/a><\/h6>\n<h6>V\u00e4lit\u00e4mme ohjaajille\/opettajille osoitetut kysymykset ja palautteen eteenp\u00e4in.<\/h6>\n<p>[\/et_pb_text][\/et_pb_column][\/et_pb_row][\/et_pb_section][et_pb_section fb_built=&#8221;1&#8243; disabled_on=&#8221;off|off|on&#8221; _builder_version=&#8221;3.22&#8243; use_background_color_gradient=&#8221;on&#8221; background_color_gradient_start=&#8221;rgba(255,255,255,0.75)&#8221; background_color_gradient_end=&#8221;#ffffff&#8221; background_color_gradient_end_position=&#8221;59%&#8221; background_color_gradient_overlays_image=&#8221;on&#8221; background_image=&#8221;http:\/\/www.salsastudio.fi\/jyvaskyla\/wp-content\/uploads\/2018\/07\/Salsastudio_kuvitus_full-125.jpg&#8221;][et_pb_row _builder_version=&#8221;3.25&#8243;][et_pb_column type=&#8221;4_4&#8243; _builder_version=&#8221;3.25&#8243; custom_padding=&#8221;|||&#8221; custom_padding__hover=&#8221;|||&#8221;][et_pb_text _builder_version=&#8221;3.27.4&#8243; text_font=&#8221;Roboto|300|||||||&#8221; text_text_color=&#8221;#000000&#8243; text_font_size=&#8221;18px&#8221; text_line_height=&#8221;1.5em&#8221; link_font=&#8221;||||||||&#8221; link_text_color=&#8221;#ba1978&#8243; header_font=&#8221;||||||||&#8221; header_6_font=&#8221;Roboto|300|||||||&#8221; header_6_text_color=&#8221;#000000&#8243; header_6_font_size=&#8221;16px&#8221; header_6_line_height=&#8221;1.5em&#8221; custom_margin=&#8221;|||&#8221; custom_padding=&#8221;0px||0px||true&#8221;]<strong>Tanssikoulu SalsaStudio Jyv\u00e4skyl\u00e4<br \/>\n<\/strong>Kauppakatu 21 (1.kerros)<br \/>\n40100 Jyv\u00e4skyl\u00e4<strong><br \/>\n<\/strong><br \/>\nS\u00e4hk\u00f6posti:\u00a0<a href=\"mailto:%20jyvaskyla@salsastudio.fi\">jyvaskyla@salsastudio.fi<\/a><br \/>\nPuhelin:<strong>\u00a0<\/strong>045 268 4577<\/p>\n<h6><\/h6>\n<h6><\/h6>\n<h6>Tavoitat meid\u00e4t parhaiten vastaanottomme aukioloaikana iltaisin tanssituntien ajankohtana, muulloin vastaamme puheluihin mahdollisuuksien mukaan. Kiireellisiss\u00e4 asioissa Suvi Tuominiemi 0503616016.<\/h6>\n<h6>Toivomme aina ensisijaisesti yhteydenottoa s\u00e4hk\u00f6postitse, koska puheluihin vastaaminen on erityisesti tanssituntien alkamisajankohtana haasteellista vastaanotossa olevan ruuhkan vuoksi. Voit j\u00e4tt\u00e4\u00e4 meille my\u00f6s soittopyynn\u00f6n tekstiviestitse, jolloin soitamme sinulle takaisin saman p\u00e4iv\u00e4n aikana!<\/h6>\n<h6>Voit l\u00e4hett\u00e4\u00e4 meille palautetta koulumme tunneista, opettajista, kotisivuista jne. s\u00e4hk\u00f6postilla osoitteeseen\u00a0<a href=\"mailto:%20jyvaskyla@salsastudio.fi\">jyvaskyla@salsastudio.fi<\/a><\/h6>\n<h6>V\u00e4lit\u00e4mme ohjaajille osoitetut kysymykset ja palautteen eteenp\u00e4in.<\/h6>\n<p>[\/et_pb_text][\/et_pb_column][\/et_pb_row][\/et_pb_section][et_pb_section fb_built=&#8221;1&#8243; _builder_version=&#8221;3.22&#8243; custom_padding=&#8221;0|0px|0|0px|false|false&#8221;][et_pb_row use_custom_gutter=&#8221;on&#8221; gutter_width=&#8221;1&#8243; module_class=&#8221; et_pb_row_fullwidth&#8221; _builder_version=&#8221;3.25&#8243; width=&#8221;100%&#8221; width_tablet=&#8221;100%&#8221; width_phone=&#8221;&#8221; width_last_edited=&#8221;on|desktop&#8221; max_width=&#8221;100%&#8221; max_width_tablet=&#8221;100%&#8221; max_width_phone=&#8221;&#8221; max_width_last_edited=&#8221;on|desktop&#8221; custom_padding=&#8221;0|0px|0|0px|false|false&#8221; make_fullwidth=&#8221;on&#8221;][et_pb_column type=&#8221;4_4&#8243; _builder_version=&#8221;3.25&#8243; custom_padding=&#8221;|||&#8221; custom_padding__hover=&#8221;|||&#8221;][et_pb_map address=&#8221;Kauppakatu 21, 40100 Jyv\u00e4skyl\u00e4, Finland&#8221; address_lat=&#8221;62.2412172&#8243; address_lng=&#8221;25.7439296&#8243; _builder_version=&#8221;3.10.2&#8243;][et_pb_map_pin title=&#8221;SalsaStudio Jyv\u00e4skyl\u00e4&#8221; pin_address=&#8221;Kauppakatu 21, 40100 Jyv\u00e4skyl\u00e4, Finland&#8221; pin_address_lat=&#8221;62.2412172&#8243; pin_address_lng=&#8221;25.7439296&#8243; _builder_version=&#8221;3.10.2&#8243;]Tanssikoulu SalsaStudio<br \/>\nKauppakatu 21 (1.kerros)<br \/>\n40100 Jyv\u00e4skyl\u00e4<br \/>\n[\/et_pb_map_pin][\/et_pb_map][\/et_pb_column][\/et_pb_row][\/et_pb_section]<\/p>\n","protected":false},"excerpt":{"rendered":"<p>JYV\u00c4SKYL\u00c4 Tanssikoulu SalsaStudio Jyv\u00e4skyl\u00e4 Kauppakatu 21 (1.kerros, ylin summeri!) 40100 Jyv\u00e4skyl\u00e4 S\u00e4hk\u00f6posti:\u00a0jyvaskyla@salsastudio.fi Puhelin:\u00a0045 268 4577 Tavoitat meid\u00e4t parhaiten vastaanottomme aukioloaikana iltaisin tanssituntien ajankohtana, muulloin vastaamme puheluihin mahdollisuuksien mukaan. Kiireellisiss\u00e4 asioissa Suvi Tuominiemi 0503616016. Toivomme aina ensisijaisesti yhteydenottoa s\u00e4hk\u00f6postitse, koska puheluihin vastaaminen on erityisesti tanssituntien alkamisajankohtana haasteellista vastaanotossa olevan ruuhkan vuoksi. Voit j\u00e4tt\u00e4\u00e4 meille my\u00f6s soittopyynn\u00f6n [&hellip;]<\/p>\n","protected":false},"author":1,"featured_media":0,"parent":0,"menu_order":0,"comment_status":"closed","ping_status":"closed","template":"","meta":{"_et_pb_use_builder":"on","_et_pb_old_content":"","_et_gb_content_width":"","footnotes":""},"class_list":["post-4617","page","type-page","status-publish","hentry"],"_links":{"self":[{"href":"https:\/\/www.salsastudio.fi\/jyvaskyla\/wp-json\/wp\/v2\/pages\/4617","targetHints":{"allow":["GET"]}}],"collection":[{"href":"https:\/\/www.salsastudio.fi\/jyvaskyla\/wp-json\/wp\/v2\/pages"}],"about":[{"href":"https:\/\/www.salsastudio.fi\/jyvaskyla\/wp-json\/wp\/v2\/types\/page"}],"author":[{"embeddable":true,"href":"https:\/\/www.salsastudio.fi\/jyvaskyla\/wp-json\/wp\/v2\/users\/1"}],"replies":[{"embeddable":true,"href":"https:\/\/www.salsastudio.fi\/jyvaskyla\/wp-json\/wp\/v2\/comments?post=4617"}],"version-history":[{"count":16,"href":"https:\/\/www.salsastudio.fi\/jyvaskyla\/wp-json\/wp\/v2\/pages\/4617\/revisions"}],"predecessor-version":[{"id":7693,"href":"https:\/\/www.salsastudio.fi\/jyvaskyla\/wp-json\/wp\/v2\/pages\/4617\/revisions\/7693"}],"wp:attachment":[{"href":"https:\/\/www.salsastudio.fi\/jyvaskyla\/wp-json\/wp\/v2\/media?parent=4617"}],"curies":[{"name":"wp","href":"https:\/\/api.w.org\/{rel}","templated":true}]}}