{"id":6275,"date":"2020-08-13T12:44:16","date_gmt":"2020-08-13T09:44:16","guid":{"rendered":"http:\/\/www.salsastudio.fi\/jyvaskyla\/?page_id=6275"},"modified":"2026-01-30T04:12:55","modified_gmt":"2026-01-30T02:12:55","slug":"kiitos","status":"publish","type":"page","link":"https:\/\/www.salsastudio.fi\/jyvaskyla\/kiitos\/","title":{"rendered":"Kiitos"},"content":{"rendered":"<p>[et_pb_section fb_built=&#8221;1&#8243; disabled_on=&#8221;on|on|off&#8221; _builder_version=&#8221;4.25.0&#8243; custom_margin=&#8221;-80px|||&#8221; custom_padding=&#8221;0px|||&#8221; collapsed=&#8221;off&#8221; global_colors_info=&#8221;{}&#8221;][et_pb_row column_structure=&#8221;1_2,1_2&#8243; use_custom_gutter=&#8221;on&#8221; gutter_width=&#8221;1&#8243; padding_top_bottom_link_2=&#8221;true&#8221; padding_left_right_link_2=&#8221;true&#8221; module_class=&#8221; et_pb_row_fullwidth&#8221; _builder_version=&#8221;4.16&#8243; use_background_color_gradient=&#8221;on&#8221; background_color_gradient_stops=&#8221;rgba(0,0,0,0.22) 0%|#ffffff 100%&#8221; background_color_gradient_overlays_image=&#8221;on&#8221; background_color_gradient_start=&#8221;rgba(0,0,0,0.22)&#8221; background_color_gradient_end=&#8221;#ffffff&#8221; background_image=&#8221;https:\/\/www.salsastudio.fi\/jyvaskyla\/wp-content\/uploads\/2018\/07\/Salsastudio_kuvitus_full-125.jpg&#8221; width=&#8221;100%&#8221; width_tablet=&#8221;100%&#8221; width_phone=&#8221;&#8221; width_last_edited=&#8221;on|desktop&#8221; max_width=&#8221;100%&#8221; max_width_tablet=&#8221;100%&#8221; max_width_phone=&#8221;&#8221; max_width_last_edited=&#8221;on|desktop&#8221; custom_padding=&#8221;275px|100px|275px|100px|true|true&#8221; make_fullwidth=&#8221;on&#8221; global_colors_info=&#8221;{}&#8221;][et_pb_column type=&#8221;1_2&#8243; _builder_version=&#8221;4.16&#8243; custom_padding=&#8221;|||&#8221; global_colors_info=&#8221;{}&#8221; custom_padding__hover=&#8221;|||&#8221;][et_pb_image src=&#8221;https:\/\/www.salsastudio.fi\/jyvaskyla\/wp-content\/uploads\/2018\/06\/salsastudio_logo_vaalea.png&#8221; align_tablet=&#8221;center&#8221; align_phone=&#8221;&#8221; align_last_edited=&#8221;on|desktop&#8221; disabled_on=&#8221;off|off|off&#8221; _builder_version=&#8221;4.25.0&#8243; max_width=&#8221;75%&#8221; module_alignment=&#8221;center&#8221; global_colors_info=&#8221;{}&#8221;][\/et_pb_image][et_pb_text _builder_version=&#8221;4.25.0&#8243; text_font=&#8221;Oswald||||||||&#8221; text_text_color=&#8221;#ba1978&#8243; text_font_size=&#8221;26px&#8221; text_letter_spacing=&#8221;20px&#8221; text_orientation=&#8221;center&#8221; custom_padding=&#8221;25px|||&#8221; global_colors_info=&#8221;{}&#8221;]<\/p>\n<p>JYV\u00c4SKYL\u00c4<\/p>\n<p>[\/et_pb_text][\/et_pb_column][et_pb_column type=&#8221;1_2&#8243; _builder_version=&#8221;4.16&#8243; custom_padding=&#8221;50px|50px|50px|50px&#8221; global_colors_info=&#8221;{}&#8221; custom_padding__hover=&#8221;|||&#8221;][et_pb_text _builder_version=&#8221;4.25.0&#8243; text_font=&#8221;Roboto|300|||||||&#8221; text_text_color=&#8221;#000000&#8243; text_font_size=&#8221;22px&#8221; text_line_height=&#8221;1.5em&#8221; link_font=&#8221;||||||||&#8221; link_text_color=&#8221;#ba1978&#8243; header_font=&#8221;||||||||&#8221; header_6_font=&#8221;Roboto|300|||||||&#8221; header_6_text_color=&#8221;#000000&#8243; header_6_font_size=&#8221;18px&#8221; header_6_line_height=&#8221;1.5em&#8221; background_color=&#8221;rgba(255,255,255,0.8)&#8221; custom_margin=&#8221;-200px|||&#8221; custom_padding=&#8221;50px|50px|50px|50px|true|true&#8221; hover_enabled=&#8221;0&#8243; global_colors_info=&#8221;{}&#8221; sticky_enabled=&#8221;0&#8243;]<\/p>\n<h2><strong>Kiitos ilmoittautumisestasi!<\/strong><\/h2>\n<p>Siirry maksamaan tanssituntisi <strong><a href=\"https:\/\/kauppa.salsastudio.fi\/\" target=\"_blank\" rel=\"noopener\">T\u00c4ST\u00c4 <\/a>.<\/strong><\/p>\n<p>K\u00e4teismaksut, liikuntasetelit yms maksetaan vastaanottoon.<\/p>\n<p>&nbsp;<\/p>\n<p><strong>Meihin saat yhteyden:<\/strong><\/p>\n<p><strong>Tanssikoulu SalsaStudio Jyv\u00e4skyl\u00e4<br \/><\/strong>Kauppakatu 21 (1.kerros)<br \/>40100 Jyv\u00e4skyl\u00e4<\/p>\n<p>S\u00e4hk\u00f6posti:\u00a0<a href=\"mailto:%20jyvaskyla@salsastudio.fi\">jyvaskyla@salsastudio.fi<\/a><br \/>Puhelin:<strong>\u00a0<\/strong>045 268 4577<\/p>\n<h6><\/h6>\n<p>[\/et_pb_text][\/et_pb_column][\/et_pb_row][\/et_pb_section][et_pb_section fb_built=&#8221;1&#8243; disabled_on=&#8221;off|on|on&#8221; admin_label=&#8221;Osio puhelin&#8221; _builder_version=&#8221;4.25.0&#8243; use_background_color_gradient=&#8221;on&#8221; background_color_gradient_stops=&#8221;rgba(255,255,255,0.75) 0%|#ffffff 59%&#8221; background_color_gradient_overlays_image=&#8221;on&#8221; background_color_gradient_start=&#8221;rgba(255,255,255,0.75)&#8221; background_color_gradient_end=&#8221;#ffffff&#8221; background_color_gradient_end_position=&#8221;59%&#8221; background_image=&#8221;https:\/\/www.salsastudio.fi\/jyvaskyla\/wp-content\/uploads\/2018\/07\/Salsastudio_kuvitus_full-125.jpg&#8221; global_colors_info=&#8221;{}&#8221;][et_pb_row _builder_version=&#8221;4.25.0&#8243; global_colors_info=&#8221;{}&#8221;][et_pb_column type=&#8221;4_4&#8243; _builder_version=&#8221;4.16&#8243; custom_padding=&#8221;|||&#8221; global_colors_info=&#8221;{}&#8221; custom_padding__hover=&#8221;|||&#8221;][et_pb_text _builder_version=&#8221;4.25.0&#8243; text_font=&#8221;Roboto|300|||||||&#8221; text_text_color=&#8221;#000000&#8243; text_font_size=&#8221;18px&#8221; text_line_height=&#8221;1.5em&#8221; link_font=&#8221;||||||||&#8221; link_text_color=&#8221;#ba1978&#8243; header_font=&#8221;||||||||&#8221; header_6_font=&#8221;Roboto|300|||||||&#8221; header_6_text_color=&#8221;#000000&#8243; header_6_font_size=&#8221;16px&#8221; header_6_line_height=&#8221;1.5em&#8221; custom_margin=&#8221;|||&#8221; custom_padding=&#8221;0px||0px||true&#8221; global_colors_info=&#8221;{}&#8221;]<\/p>\n<h2><strong>Kiitos ilmoittautumisestasi!<\/strong><\/h2>\n<p>Verkkokauppaa p\u00e4ivitet\u00e4\u00e4n ja on hetken poissa k\u00e4yt\u00f6st\u00e4.<\/p>\n<p>K\u00e4teismaksut, liikuntasetelit yms maksetaan vastaanottoon.<\/p>\n<p>&nbsp;<\/p>\n<p><strong>Meihin saat yhteyden:<\/strong><\/p>\n<p><strong>Tanssikoulu SalsaStudio Jyv\u00e4skyl\u00e4<br \/><\/strong>Kauppakatu 21 (1.kerros)<br \/>40100 Jyv\u00e4skyl\u00e4<\/p>\n<p>S\u00e4hk\u00f6posti:\u00a0<a href=\"mailto:%20jyvaskyla@salsastudio.fi\">jyvaskyla@salsastudio.fi<\/a><br \/>Puhelin:<strong>\u00a0<\/strong>045 268 4577<\/p>\n<h6>\u00a0<\/h6>\n<p>[\/et_pb_text][\/et_pb_column][\/et_pb_row][\/et_pb_section][et_pb_section fb_built=&#8221;1&#8243; _builder_version=&#8221;4.16&#8243; custom_padding=&#8221;0|0px|0|0px|false|false&#8221; global_colors_info=&#8221;{}&#8221;][et_pb_row use_custom_gutter=&#8221;on&#8221; gutter_width=&#8221;1&#8243; module_class=&#8221; et_pb_row_fullwidth&#8221; _builder_version=&#8221;4.16&#8243; width=&#8221;100%&#8221; width_tablet=&#8221;100%&#8221; width_phone=&#8221;&#8221; width_last_edited=&#8221;on|desktop&#8221; max_width=&#8221;100%&#8221; max_width_tablet=&#8221;100%&#8221; max_width_phone=&#8221;&#8221; max_width_last_edited=&#8221;on|desktop&#8221; custom_padding=&#8221;0|0px|0|0px|false|false&#8221; make_fullwidth=&#8221;on&#8221; global_colors_info=&#8221;{}&#8221;][et_pb_column type=&#8221;4_4&#8243; _builder_version=&#8221;4.16&#8243; custom_padding=&#8221;|||&#8221; global_colors_info=&#8221;{}&#8221; custom_padding__hover=&#8221;|||&#8221;][\/et_pb_column][\/et_pb_row][\/et_pb_section]<\/p>\n","protected":false},"excerpt":{"rendered":"<p>JYV\u00c4SKYL\u00c4Kiitos ilmoittautumisestasi! Siirry maksamaan tanssituntisi T\u00c4ST\u00c4 . K\u00e4teismaksut, liikuntasetelit yms maksetaan vastaanottoon. &nbsp; Meihin saat yhteyden: Tanssikoulu SalsaStudio Jyv\u00e4skyl\u00e4Kauppakatu 21 (1.kerros)40100 Jyv\u00e4skyl\u00e4 S\u00e4hk\u00f6posti:\u00a0jyvaskyla@salsastudio.fiPuhelin:\u00a0045 268 4577 Kiitos ilmoittautumisestasi! Verkkokauppaa p\u00e4ivitet\u00e4\u00e4n ja on hetken poissa k\u00e4yt\u00f6st\u00e4. K\u00e4teismaksut, liikuntasetelit yms maksetaan vastaanottoon. &nbsp; Meihin saat yhteyden: Tanssikoulu SalsaStudio Jyv\u00e4skyl\u00e4Kauppakatu 21 (1.kerros)40100 Jyv\u00e4skyl\u00e4 S\u00e4hk\u00f6posti:\u00a0jyvaskyla@salsastudio.fiPuhelin:\u00a0045 268 4577 \u00a0<\/p>\n","protected":false},"author":6,"featured_media":0,"parent":0,"menu_order":0,"comment_status":"closed","ping_status":"closed","template":"","meta":{"_et_pb_use_builder":"on","_et_pb_old_content":"","_et_gb_content_width":"","footnotes":""},"class_list":["post-6275","page","type-page","status-publish","hentry"],"_links":{"self":[{"href":"https:\/\/www.salsastudio.fi\/jyvaskyla\/wp-json\/wp\/v2\/pages\/6275","targetHints":{"allow":["GET"]}}],"collection":[{"href":"https:\/\/www.salsastudio.fi\/jyvaskyla\/wp-json\/wp\/v2\/pages"}],"about":[{"href":"https:\/\/www.salsastudio.fi\/jyvaskyla\/wp-json\/wp\/v2\/types\/page"}],"author":[{"embeddable":true,"href":"https:\/\/www.salsastudio.fi\/jyvaskyla\/wp-json\/wp\/v2\/users\/6"}],"replies":[{"embeddable":true,"href":"https:\/\/www.salsastudio.fi\/jyvaskyla\/wp-json\/wp\/v2\/comments?post=6275"}],"version-history":[{"count":17,"href":"https:\/\/www.salsastudio.fi\/jyvaskyla\/wp-json\/wp\/v2\/pages\/6275\/revisions"}],"predecessor-version":[{"id":8201,"href":"https:\/\/www.salsastudio.fi\/jyvaskyla\/wp-json\/wp\/v2\/pages\/6275\/revisions\/8201"}],"wp:attachment":[{"href":"https:\/\/www.salsastudio.fi\/jyvaskyla\/wp-json\/wp\/v2\/media?parent=6275"}],"curies":[{"name":"wp","href":"https:\/\/api.w.org\/{rel}","templated":true}]}}