{"id":6785,"date":"2021-08-04T04:20:29","date_gmt":"2021-08-04T01:20:29","guid":{"rendered":"http:\/\/www.salsastudio.fi\/jyvaskyla\/?page_id=6785"},"modified":"2021-08-04T04:26:56","modified_gmt":"2021-08-04T01:26:56","slug":"tietosuoja","status":"publish","type":"page","link":"https:\/\/www.salsastudio.fi\/jyvaskyla\/tietosuoja\/","title":{"rendered":"Tietosuoja"},"content":{"rendered":"<p>[et_pb_section fb_built=&#8221;1&#8243; admin_label=&#8221;Our Guides&#8221; _builder_version=&#8221;4.6.0&#8243; use_background_color_gradient=&#8221;on&#8221; background_color_gradient_start=&#8221;#ba1978&#8243; background_color_gradient_end=&#8221;#aa166c&#8221; background_color_gradient_start_position=&#8221;37%&#8221; background_color_gradient_overlays_image=&#8221;on&#8221; custom_padding=&#8221;150px|9px|75px||false|false&#8221; top_divider_color=&#8221;#ffffff&#8221; top_divider_height=&#8221;75px&#8221; bottom_divider_style=&#8221;wave&#8221; bottom_divider_color=&#8221;#ffffff&#8221; bottom_divider_height=&#8221;83px&#8221; hover_enabled=&#8221;0&#8243; background_enable_image=&#8221;off&#8221; sticky_enabled=&#8221;0&#8243;][et_pb_row _builder_version=&#8221;3.25&#8243;][et_pb_column type=&#8221;4_4&#8243; _builder_version=&#8221;3.25&#8243; custom_padding=&#8221;|||&#8221; custom_padding__hover=&#8221;|||&#8221;][et_pb_text admin_label=&#8221;CTA Section Title&#8221; _builder_version=&#8221;3.27.4&#8243; text_font=&#8221;||||||||&#8221; text_line_height=&#8221;1em&#8221; header_font=&#8221;Oswald|700||on|||||&#8221; header_text_align=&#8221;center&#8221; header_text_color=&#8221;#ffffff&#8221; header_font_size=&#8221;60px&#8221; header_line_height=&#8221;1.3em&#8221; module_alignment=&#8221;center&#8221; custom_margin=&#8221;||60px|&#8221; custom_padding=&#8221;|||&#8221; animation_direction=&#8221;top&#8221; header_font_size_tablet=&#8221;&#8221; header_font_size_phone=&#8221;45px&#8221; header_font_size_last_edited=&#8221;on|tablet&#8221; locked=&#8221;off&#8221;]<\/p>\n<h1>Tietosuoja<\/h1>\n<p>[\/et_pb_text][\/et_pb_column][\/et_pb_row][\/et_pb_section][et_pb_section fb_built=&#8221;1&#8243; _builder_version=&#8221;3.22&#8243; custom_padding=&#8221;1px|0px|115px|0px|false|false&#8221;][et_pb_row _builder_version=&#8221;4.6.0&#8243; _module_preset=&#8221;default&#8221;][et_pb_column _builder_version=&#8221;4.6.0&#8243; _module_preset=&#8221;default&#8221; type=&#8221;4_4&#8243;][et_pb_text _builder_version=&#8221;4.6.0&#8243; header_font=&#8221;Oswald|||on|||||&#8221; header_text_color=&#8221;#ba1978&#8243; header_letter_spacing=&#8221;2px&#8221; header_2_font=&#8221;|700|||||||&#8221; header_2_font_size=&#8221;14px&#8221; header_2_line_height=&#8221;1.5em&#8221; locked=&#8221;off&#8221;]<\/p>\n<h1 class=\"title\"><\/h1>\n<h1 class=\"title\">Tanssikoulu SalsaStudio Jyv\u00e4skyl\u00e4n tietosuojaseloste<\/h1>\n<p>Laadittu 1.5.2020.<\/p>\n<p>&nbsp;<\/p>\n<p><strong class=\"red\">1. Rekisterinpit\u00e4j\u00e4<\/strong><\/p>\n<ul>\n<li>Nimi: SalsaStudio<\/li>\n<li>Kotipaikka: Jyv\u00e4skyl\u00e4, Suomi<\/li>\n<li>Osoite: Kauppakatu 21, 40100 JKL<\/li>\n<li>Y-tunnus: 2279800-9<\/li>\n<\/ul>\n<p><strong class=\"red\">2. Yhteydenotot<\/strong><\/p>\n<p>Jos teill\u00e4 on kysytt\u00e4v\u00e4\u00e4 henkil\u00f6tietojenne k\u00e4sittelyst\u00e4, haluatte n\u00e4hd\u00e4 itse\u00e4nne koskevat tallennetut tiedot tai poistaa tietonne j\u00e4rjestelm\u00e4st\u00e4mme, voitte ottaa yhteytt\u00e4 s\u00e4hk\u00f6postitse: <a href=\"mailto:info@salsastudio.fi\">info(a)salsastudio.fi<\/a>.<\/p>\n<p>Uutiskirjeen voi peruuttaa s\u00e4hk\u00f6postin lopussa olevasta linkist\u00e4.<\/p>\n<p><strong class=\"red\">3. K\u00e4ytt\u00e4j\u00e4n suostumus <\/strong><\/p>\n<p>Huomioittehan, ett\u00e4 tilaamalla uutiskirjeemme ja\/tai ilmoittautumalla tanssikursseillemme, annatte suostumuksenne tietojenne tallennukseen. Tiedon s\u00e4ilytysvelvoite m\u00e4\u00e4r\u00e4ytyy kirjanpitolain (1997\/1336 \u00a7 10) mukaisesti.<\/p>\n<p><strong class=\"red\">4. Ker\u00e4tyt henkil\u00f6tiedot<\/strong><\/p>\n<p>SalsaStudio ker\u00e4\u00e4 ja k\u00e4sittelee henkil\u00f6tietojanne, kun ilmoittaudutte tanssikoulun tarjoamiin palveluihin (tanssikursseille), tilaatte uutiskirjeemme ja\/tai osallistutte SalsaStudion j\u00e4rjest\u00e4miin tapahtumiin. Ker\u00e4\u00e4mme tietoja vierailustanne my\u00f6s ev\u00e4steiden avulla. Lis\u00e4tietoja ev\u00e4steist\u00e4 l\u00f6yd\u00e4tte t\u00e4m\u00e4n tietosuojaselosteen lopusta.<\/p>\n<p>Henkil\u00f6tietoja k\u00e4ytet\u00e4\u00e4n asiakaspalvelun, liiketoiminnan ja palveluiden kehitt\u00e4miseen; tanssituntipalveluiden onnistuneeseen toteuttamiseen ja muutoksista tiedottamiseen, tiedon k\u00e4sittelyyn ja arkistointiin; kohdennetun sis\u00e4ll\u00f6n ja markkinoinnin tarkoituksiin sek\u00e4 analysointiin ja tilastointiin. Henkil\u00f6tietoja k\u00e4ytet\u00e4\u00e4n my\u00f6s laskutukseen.<\/p>\n<p><strong class=\"red\">5. Kuka voi k\u00e4ytt\u00e4\u00e4 henkil\u00f6tietojanne<\/strong><\/p>\n<p>SalsaStudion ty\u00f6ntekij\u00f6ill\u00e4 ja SalsaStudion lukuun toimivien alihankkijoiden ja yhteisty\u00f6kumppanien ty\u00f6ntekij\u00f6ill\u00e4 on oikeus k\u00e4ytt\u00e4\u00e4 henkil\u00f6tietoja eri k\u00e4ytt\u00f6oikeustasojen mukaisesti ty\u00f6teht\u00e4v\u00e4n edellytt\u00e4m\u00e4ll\u00e4 tavalla.<\/p>\n<p><strong class=\"red\">6. Henkil\u00f6- ja k\u00e4ytt\u00e4j\u00e4tietojen suojaus<\/strong><\/p>\n<p>Rekisterin k\u00e4sittelyss\u00e4 noudatetaan huolellisuutta ja tietoj\u00e4rjestelmien avulla k\u00e4sitelt\u00e4v\u00e4t tiedot suojataan asianmukaisesti. Kun rekisteritietoja s\u00e4ilytet\u00e4\u00e4n Internet-palvelimilla, niiden laitteiston fyysisest\u00e4 ja digitaalisesta tietoturvasta huolehditaan asiaankuuluvasti.<\/p>\n<p>SalsaStudion j\u00e4rjestelmiss\u00e4 joihin tieto on tallennettu, on eri k\u00e4ytt\u00e4j\u00e4tasoja, joten k\u00e4ytt\u00e4j\u00e4 saa ty\u00f6teht\u00e4v\u00e4ns\u00e4 edellytt\u00e4m\u00e4n yll\u00e4pito- tai selausoikeuden tietoihin. Kullakin m\u00e4\u00e4ritellyll\u00e4 k\u00e4ytt\u00e4j\u00e4ll\u00e4 on oma k\u00e4ytt\u00e4j\u00e4tunnus ja salasana.<\/p>\n<p><strong class=\"red\">7. Ev\u00e4steet<\/strong><\/p>\n<p>Ev\u00e4ste eli cookie on lyhyt tekstitiedosto, jonka verkkopalvelin pyyt\u00e4\u00e4 saada tallentamaan tietokoneelle (ml. mobiililaitteet) vierailijan tunnistamiseksi verkkosivustolla. Ev\u00e4steiden avulla palveluntarjoaja voi kehitt\u00e4\u00e4 palveluaan entist\u00e4 asiakasyst\u00e4v\u00e4llisemm\u00e4ksi, analysoimaan sivustonsa k\u00e4ytt\u00f6\u00e4 ja tarjota asiakkailleen kohdennettuja tuotesuosituksia, tarjouksia ja muita etuja.<\/p>\n<p>K\u00e4ytt\u00e4j\u00e4 voi torjua ev\u00e4steiden k\u00e4yt\u00f6n k\u00e4ytt\u00e4m\u00e4ns\u00e4 selaimen asetuksista tai poistamalla ev\u00e4steet selaimestaan verkkopalvelun k\u00e4yt\u00f6n lopetuksen j\u00e4lkeen. Lis\u00e4tietoja selainkohtaisista k\u00e4ytt\u00f6ohjeista saa selaimen valmistajan ohjeista. Verkkopalveluun sis\u00e4ltyv\u00e4t toiminnot voivat kuitenkin edellytt\u00e4\u00e4 ev\u00e4steiden hyv\u00e4ksymist\u00e4 toimiakseen.<\/p>\n<p><strong class=\"red\">7.1. Ev\u00e4steet Salsastudio.fi sivustolla<\/strong><\/p>\n<p>K\u00e4ytetyt ev\u00e4steet voivat olla pitk\u00e4- tai lyhytkestoisia. Pitk\u00e4kestoiset ev\u00e4steet pysyv\u00e4t tallessa sille asetettuun aikarajaan asti. Pysyvi\u00e4 ev\u00e4steit\u00e4 k\u00e4ytet\u00e4\u00e4n mm. tallentamaan aikav\u00e4lin, jonka aikana k\u00e4vij\u00e4\u00e4 ei vaivata \u2018uutiskirjeen tilaus\u2019 -ponnahdusikkunalla.<\/p>\n<p>Lyhytaikaiset (ns. istuntokohtaiset) ev\u00e4steet tallentuvat vain verkkosivustolla vierailun ajaksi k\u00e4ytt\u00e4j\u00e4n laitteelle. Lyhytaikaisilla ev\u00e4steill\u00e4 pidet\u00e4\u00e4n tallessa esimerkiksi osoitetiedot, jotta k\u00e4ytt\u00e4j\u00e4 ei joudu tallentamaan yhteystietojaan uudestaan ne kerran sy\u00f6tetty\u00e4\u00e4n kassalla. Lyhytaikainen ev\u00e4ste h\u00e4vi\u00e4\u00e4 heti, kun verkkoselain suljetaan.<\/p>\n<p><strong class=\"red\">7.2. Kolmansien osapuolien k\u00e4ytt\u00f6 sek\u00e4 tietojen siirto EU:n tai ETA:n ulkopuolelle<\/strong><\/p>\n<p>K\u00e4yt\u00e4mme k\u00e4vij\u00e4tietojen analysointiin, markkinoinnin uudelleenkohdistamiseen ja bannerimainontaan sellaisten ulkopuolisten tahojen palveluja, jotka k\u00e4ytt\u00e4v\u00e4t sivustoillamme ev\u00e4steit\u00e4. T\u00e4llaisia palveluntarjoajia ovat seuraavat tahot:<\/p>\n<ul>\n<li>Google Analytics: Google LLC, 1600 Amphitheatre Parkway, Mountain View, CA 94043, USA<\/li>\n<li>The Rocket Science Group, LLC, 675 Ponce de Leon Ave NE, Suite 5000, Atlanta, GA 30308 USA<\/li>\n<\/ul>\n<p>[\/et_pb_text][\/et_pb_column][\/et_pb_row][\/et_pb_section][et_pb_section fb_built=&#8221;1&#8243; custom_padding_last_edited=&#8221;on|desktop&#8221; prev_background_color=&#8221;#ffffff&#8221; admin_label=&#8221;CTA&#8221; _builder_version=&#8221;3.22&#8243; background_color=&#8221;#ff9d26&#8243; use_background_color_gradient=&#8221;on&#8221; background_color_gradient_start=&#8221;rgba(186,25,120,0.67)&#8221; background_color_gradient_end=&#8221;#BA1978&#8243; background_color_gradient_overlays_image=&#8221;on&#8221; background_image=&#8221;http:\/\/www.salsastudio.fi\/jyvaskyla\/wp-content\/uploads\/2018\/07\/Salsastudio_kuvitus_full-339-kopio.jpg&#8221; background_position=&#8221;top_center&#8221; custom_margin=&#8221;|||&#8221; custom_padding=&#8221;||0||false|false&#8221; custom_padding_tablet=&#8221;&#8221; custom_padding_phone=&#8221;200px|||&#8221; top_divider_style=&#8221;wave&#8221; top_divider_height_tablet=&#8221;0px&#8221; top_divider_height_phone=&#8221;0px&#8221; top_divider_height_last_edited=&#8221;on|phone&#8221;][et_pb_row use_custom_gutter=&#8221;on&#8221; gutter_width=&#8221;1&#8243; custom_padding_last_edited=&#8221;on|tablet&#8221; module_class=&#8221; et_pb_row_fullwidth&#8221; _builder_version=&#8221;3.25&#8243; width=&#8221;100%&#8221; width_tablet=&#8221;100%&#8221; width_phone=&#8221;&#8221; width_last_edited=&#8221;on|desktop&#8221; max_width=&#8221;100%&#8221; max_width_tablet=&#8221;100%&#8221; max_width_phone=&#8221;&#8221; max_width_last_edited=&#8221;on|desktop&#8221; custom_padding=&#8221;250px|0px|180px|0px|false|false&#8221; custom_padding_tablet=&#8221;0px|||&#8221; custom_padding_phone=&#8221;&#8221; make_fullwidth=&#8221;on&#8221;][et_pb_column type=&#8221;4_4&#8243; _builder_version=&#8221;3.25&#8243; custom_padding=&#8221;|||&#8221; custom_padding__hover=&#8221;|||&#8221;][et_pb_text admin_label=&#8221;CTA Section Title&#8221; _builder_version=&#8221;3.27.4&#8243; text_font=&#8221;||||||||&#8221; text_line_height=&#8221;1em&#8221; header_font=&#8221;Oswald|700||on|||||&#8221; header_text_align=&#8221;center&#8221; header_text_color=&#8221;#ffffff&#8221; header_font_size=&#8221;60px&#8221; header_line_height=&#8221;1.3em&#8221; module_alignment=&#8221;center&#8221; custom_margin=&#8221;||60px|&#8221; custom_padding=&#8221;|||&#8221; animation_style=&#8221;slide&#8221; animation_direction=&#8221;top&#8221; animation_intensity_slide=&#8221;10%&#8221; locked=&#8221;off&#8221;]<\/p>\n<h1>Valmiina tanssiin?<\/h1>\n<p>[\/et_pb_text][et_pb_button button_url=&#8221;\/jyvaskyla\/ilmoittautuminen&#8221; button_text=&#8221;Ilmoittaudu kurssille&#8221; button_alignment=&#8221;center&#8221; _builder_version=&#8221;3.16&#8243; custom_button=&#8221;on&#8221; button_text_color=&#8221;#ffffff&#8221; button_bg_color=&#8221;rgba(255,157,38,0)&#8221; button_border_color=&#8221;#ffffff&#8221; button_border_radius=&#8221;0px&#8221; button_letter_spacing=&#8221;4px&#8221; button_font=&#8221;Oswald|on||on|&#8221; button_icon=&#8221;%%3%%&#8221; button_icon_color=&#8221;#ffffff&#8221; button_text_color_hover=&#8221;#ffffff&#8221; button_border_color_hover=&#8221;#ffffff&#8221; button_border_radius_hover=&#8221;0px&#8221; button_letter_spacing_hover=&#8221;4px&#8221; button_bg_color_hover=&#8221;rgba(0,0,0,0)&#8221; locked=&#8221;off&#8221; button_text_size__hover_enabled=&#8221;off&#8221; button_one_text_size__hover_enabled=&#8221;off&#8221; button_two_text_size__hover_enabled=&#8221;off&#8221; button_text_color__hover_enabled=&#8221;on&#8221; button_text_color__hover=&#8221;#ffffff&#8221; button_one_text_color__hover_enabled=&#8221;off&#8221; button_two_text_color__hover_enabled=&#8221;off&#8221; button_border_width__hover_enabled=&#8221;off&#8221; button_one_border_width__hover_enabled=&#8221;off&#8221; button_two_border_width__hover_enabled=&#8221;off&#8221; button_border_color__hover_enabled=&#8221;on&#8221; button_border_color__hover=&#8221;#ffffff&#8221; button_one_border_color__hover_enabled=&#8221;off&#8221; button_two_border_color__hover_enabled=&#8221;off&#8221; button_border_radius__hover_enabled=&#8221;on&#8221; button_border_radius__hover=&#8221;0px&#8221; button_one_border_radius__hover_enabled=&#8221;off&#8221; button_two_border_radius__hover_enabled=&#8221;off&#8221; button_letter_spacing__hover_enabled=&#8221;on&#8221; button_letter_spacing__hover=&#8221;4px&#8221; button_one_letter_spacing__hover_enabled=&#8221;off&#8221; button_two_letter_spacing__hover_enabled=&#8221;off&#8221; button_bg_color__hover_enabled=&#8221;on&#8221; button_bg_color__hover=&#8221;rgba(0,0,0,0)&#8221; button_one_bg_color__hover_enabled=&#8221;off&#8221; button_two_bg_color__hover_enabled=&#8221;off&#8221;]&nbsp;<br \/>\n[\/et_pb_button][\/et_pb_column][\/et_pb_row][\/et_pb_section]<\/p>\n","protected":false},"excerpt":{"rendered":"<p>Tietosuoja Tanssikoulu SalsaStudio Jyv\u00e4skyl\u00e4n tietosuojaseloste Laadittu 1.5.2020. &nbsp; 1. Rekisterinpit\u00e4j\u00e4 Nimi: SalsaStudio Kotipaikka: Jyv\u00e4skyl\u00e4, Suomi Osoite: Kauppakatu 21, 40100 JKL Y-tunnus: 2279800-9 2. Yhteydenotot Jos teill\u00e4 on kysytt\u00e4v\u00e4\u00e4 henkil\u00f6tietojenne k\u00e4sittelyst\u00e4, haluatte n\u00e4hd\u00e4 itse\u00e4nne koskevat tallennetut tiedot tai poistaa tietonne j\u00e4rjestelm\u00e4st\u00e4mme, voitte ottaa yhteytt\u00e4 s\u00e4hk\u00f6postitse: info(a)salsastudio.fi. Uutiskirjeen voi peruuttaa s\u00e4hk\u00f6postin lopussa olevasta linkist\u00e4. 3. K\u00e4ytt\u00e4j\u00e4n suostumus [&hellip;]<\/p>\n","protected":false},"author":6,"featured_media":0,"parent":0,"menu_order":0,"comment_status":"closed","ping_status":"closed","template":"","meta":{"_et_pb_use_builder":"on","_et_pb_old_content":"","_et_gb_content_width":"","footnotes":""},"class_list":["post-6785","page","type-page","status-publish","hentry"],"_links":{"self":[{"href":"https:\/\/www.salsastudio.fi\/jyvaskyla\/wp-json\/wp\/v2\/pages\/6785","targetHints":{"allow":["GET"]}}],"collection":[{"href":"https:\/\/www.salsastudio.fi\/jyvaskyla\/wp-json\/wp\/v2\/pages"}],"about":[{"href":"https:\/\/www.salsastudio.fi\/jyvaskyla\/wp-json\/wp\/v2\/types\/page"}],"author":[{"embeddable":true,"href":"https:\/\/www.salsastudio.fi\/jyvaskyla\/wp-json\/wp\/v2\/users\/6"}],"replies":[{"embeddable":true,"href":"https:\/\/www.salsastudio.fi\/jyvaskyla\/wp-json\/wp\/v2\/comments?post=6785"}],"version-history":[{"count":2,"href":"https:\/\/www.salsastudio.fi\/jyvaskyla\/wp-json\/wp\/v2\/pages\/6785\/revisions"}],"predecessor-version":[{"id":6790,"href":"https:\/\/www.salsastudio.fi\/jyvaskyla\/wp-json\/wp\/v2\/pages\/6785\/revisions\/6790"}],"wp:attachment":[{"href":"https:\/\/www.salsastudio.fi\/jyvaskyla\/wp-json\/wp\/v2\/media?parent=6785"}],"curies":[{"name":"wp","href":"https:\/\/api.w.org\/{rel}","templated":true}]}}