{"id":6378,"date":"2021-08-05T15:02:52","date_gmt":"2021-08-05T12:02:52","guid":{"rendered":"https:\/\/www.salsastudio.fi\/kuopio\/?page_id=6378"},"modified":"2024-04-02T13:20:01","modified_gmt":"2024-04-02T10:20:01","slug":"tietosuoja","status":"publish","type":"page","link":"https:\/\/www.salsastudio.fi\/kuopio\/tietosuoja\/","title":{"rendered":"Tietosuoja"},"content":{"rendered":"<p>[et_pb_section bb_built=&#8221;1&#8243; admin_label=&#8221;Our Guides&#8221; _builder_version=&#8221;3.10.2&#8243; use_background_color_gradient=&#8221;on&#8221; background_color_gradient_start=&#8221;#ff9d26&#8243; background_color_gradient_end=&#8221;#ff9d26&#8243; background_color_gradient_start_position=&#8221;37%&#8221; background_color_gradient_overlays_image=&#8221;on&#8221; custom_padding=&#8221;150px|9px|75px||false|false&#8221; top_divider_color=&#8221;#ffffff&#8221; top_divider_height=&#8221;75px&#8221; bottom_divider_style=&#8221;wave&#8221; bottom_divider_color=&#8221;#ffffff&#8221; bottom_divider_height=&#8221;83px&#8221; next_background_color=&#8221;#ffffff&#8221;][et_pb_row _builder_version=&#8221;3.0.69&#8243;][et_pb_column type=&#8221;4_4&#8243;][et_pb_text admin_label=&#8221;CTA Section Title&#8221; disabled_on=&#8221;on|off|off&#8221; _builder_version=&#8221;3.10.2&#8243; text_font=&#8221;||||||||&#8221; text_line_height=&#8221;1em&#8221; header_font=&#8221;Oswald|700||on|||||&#8221; header_text_align=&#8221;center&#8221; header_text_color=&#8221;#ffffff&#8221; header_font_size=&#8221;60px&#8221; header_font_size_phone=&#8221;45px&#8221; header_font_size_last_edited=&#8221;on|phone&#8221; header_line_height=&#8221;1.3em&#8221; module_alignment=&#8221;center&#8221; custom_margin=&#8221;||60px|&#8221; custom_padding=&#8221;|||&#8221; animation_direction=&#8221;top&#8221; locked=&#8221;off&#8221;]<\/p>\n<h1>Tietosuoja<\/h1>\n<p>[\/et_pb_text][\/et_pb_column][\/et_pb_row][\/et_pb_section][et_pb_section bb_built=&#8221;1&#8243; _builder_version=&#8221;3.8.1&#8243; custom_padding=&#8221;39px|0px|36px|0px|false|false&#8221; prev_background_color=&#8221;#000000&#8243; next_background_color=&#8221;#ff9d26&#8243;][et_pb_row _builder_version=&#8221;3.10.2&#8243;][et_pb_column type=&#8221;4_4&#8243;][et_pb_text _builder_version=&#8221;3.10.2&#8243; header_font=&#8221;Oswald|||on|||||&#8221; header_text_color=&#8221;#ff9d26&#8243; header_letter_spacing=&#8221;2px&#8221; header_2_font=&#8221;|700|||||||&#8221; header_2_font_size=&#8221;14px&#8221; header_2_line_height=&#8221;1.5em&#8221;]<\/p>\n<h1 class=\"title\">Tanssikoulu SalsaStudio KUOPION tietosuojaseloste<\/h1>\n<p>Tietosuojalain (1050\/2018) ja EU:n yleisen tietosuoja-asetuksen (GDPR) mukainen rekisteri- ja tietosuojaseloste. P\u00e4ivitetty 3.8.2021<\/p>\n<p><strong>Rekisterinpit\u00e4j\u00e4<\/strong><\/p>\n<ul>\n<li>Ribalta Oy, Kuopion SalsaStudio<\/li>\n<li>Y-tunnus 2936325-1<\/li>\n<li>Vuorikatu 3, 70100 Kuopio<\/li>\n<li><a href=\"mailto:kuopio@salsastudio.fi\">kuopio@salsastudio.fi<\/a> 0405395778<\/li>\n<\/ul>\n<p><span style=\"font-size: 14px;\"><strong>Rekisterist\u00e4 vastaava yhteyshenkil\u00f6<\/strong><\/span><br \/>\n<span style=\"font-size: 14px;\">Sirpa M\u00f6ksy<\/span><br \/>\n<span style=\"font-size: 14px;\"><a href=\"mailto:kuopio@salsastudio.fi\">kuopio@salsastudio.fi<\/a><\/span><\/p>\n<p><span style=\"font-size: 14px;\"><strong>Rekisterin nimi<\/strong><\/span><\/p>\n<p>Asiakaspalveluj\u00e4rjestelm\u00e4<\/p>\n<p><strong>Oikeusperuste ja henkil\u00f6tietojen k\u00e4sittelyn tarkoitus<\/strong><\/p>\n<p>EU:n yleisen tietosuoja-asetuksen mukainen oikeusperuste henkil\u00f6tietojen k\u00e4sittelylle on henkil\u00f6n oma suostumus ja kirjanpitolaki. Henkil\u00f6tietojen k\u00e4sittelyn tarkoitus on yhteydenpito asiakkaisiin, asiakassuhteen yll\u00e4pito ja markkinointi. Tietoja ei k\u00e4ytet\u00e4 automatisoituun p\u00e4\u00e4t\u00f6ksentekoon tai profilointiin.<\/p>\n<p><strong>Rekisterin tietosis\u00e4lt\u00f6<\/strong><\/p>\n<p>Rekisteriin tallennettavia tietoja ovat asiakkaan nimi, sek\u00e4 yhteystiedot, joista pakollisia ovat puhelinnumero ja s\u00e4hk\u00f6postiosoite. Lis\u00e4ksi asiakkuuteen liittyv\u00e4t tiedot, kuten ilmoittautumishistoria ja tuntik\u00e4ynnit. Muu asiakkuuteen liittyv\u00e4 yhteydenpito ja viestint\u00e4. Yhteydenpitoon ja suoramarkkinointiin liittyv\u00e4t luvat. Asiakastietoja s\u00e4ilytet\u00e4\u00e4n kirjanpitolakiin perustuen 1+6 vuotta asiakkaan viimeisest\u00e4 ns.\u00a0<span style=\"font-size: 14px;\">saldotapahtumasta. Jos esimerkiksi viimeinen k\u00e4ynti tunnilla on ollut 15.4.2020, tietoja s\u00e4ilytet\u00e4\u00e4n\u00a0<\/span><span style=\"font-size: 14px;\">31.12.2026 asti.<\/span><\/p>\n<p><span style=\"font-size: 14px;\">Ker\u00e4\u00e4mme tietoja vierailustanne my\u00f6s ev\u00e4steiden avulla. Lis\u00e4tietoja ev\u00e4steist\u00e4 l\u00f6yd\u00e4tte t\u00e4m\u00e4n tietosuojaselosteen lopusta.<\/span><\/p>\n<p><strong>S\u00e4\u00e4nn\u00f6nmukaiset tietol\u00e4hteet<\/strong><\/p>\n<p>Rekisteriin tallennettavat tiedot saadaan asiakkaalta rekister\u00f6itymisen yhteydess\u00e4 sek\u00e4\u00a0<span style=\"font-size: 14px;\">asiakassuhteen aikana s\u00e4hk\u00f6postitse, puhelimitse ja muista tilanteista, joissa asiakas luovuttaa\u00a0<\/span><span style=\"font-size: 14px;\">tietojaan.<\/span><\/p>\n<p><strong>Tietojen s\u00e4\u00e4nn\u00f6nmukaiset luovutukset ja tietojen siirto EU:n tai ETA:n\u00a0<span style=\"font-size: 14px;\">ulkopuolelle<\/span><\/strong><\/p>\n<p>Tietoja ei luovuteta s\u00e4\u00e4nn\u00f6nmukaisesti muille tahoille. Tietoja ei siirret\u00e4 rekisterinpit\u00e4j\u00e4n toimesta\u00a0<span style=\"font-size: 14px;\">EU:n tai ETA:n ulkopuolelle.<\/span><\/p>\n<p><strong>Rekisterin suojaus<\/strong><\/p>\n<p>Asiakastietopalveluj\u00e4rjestelm\u00e4n sis\u00e4lt\u00e4m\u00e4t tiedot ovat palomuurein, salasanoin ja muin\u00a0<span style=\"font-size: 14px;\">tietoturvan toimialalla yleisesti hyv\u00e4ksytt\u00e4vin teknisin keinoin suojattuja.\u00a0<\/span><span style=\"font-size: 14px;\">Ainoastaan yksil\u00f6idyill\u00e4 rekisterinpit\u00e4j\u00e4n ty\u00f6ntekij\u00f6ill\u00e4 on p\u00e4\u00e4sy rekisterin sis\u00e4lt\u00e4miin tietoihin\u00a0<\/span><span style=\"font-size: 14px;\">rekisterinpit\u00e4j\u00e4n my\u00f6nt\u00e4m\u00e4ll\u00e4 k\u00e4ytt\u00f6oikeudella.<\/span><\/p>\n<p><strong>Tarkastusoikeus ja oikeus vaatia tiedon korjaamista<\/strong><\/p>\n<p>Jokaisella rekisteriss\u00e4 olevalla henkil\u00f6ll\u00e4 on oikeus tarkistaa rekisteriin tallennetut tietonsa ja\u00a0<span style=\"font-size: 14px;\">vaatia mahdollisen virheellisen tiedon korjaamista tai puutteellisen tiedon t\u00e4ydent\u00e4mist\u00e4. Mik\u00e4li\u00a0<\/span><span style=\"font-size: 14px;\">henkil\u00f6 haluaa tarkistaa h\u00e4nest\u00e4 tallennetut tiedot tai vaatia niihin oikaisua, pyynt\u00f6 tulee l\u00e4hett\u00e4\u00e4\u00a0<\/span><span style=\"font-size: 14px;\">kirjallisesti rekisterist\u00e4 vastaavalle yhteyshenkil\u00f6lle. <\/span><span style=\"font-size: 14px;\">Rekisterinpit\u00e4j\u00e4 vastaa asiakkaalle EU:n tietosuoja-asetuksessa s\u00e4\u00e4detyss\u00e4 ajassa (p\u00e4\u00e4s\u00e4\u00e4nt\u00f6isesti\u00a0<\/span><span style=\"font-size: 14px;\">kuukauden kuluessa). Tarkastuspyynt\u00f6 voidaan my\u00f6s esitt\u00e4\u00e4 rekisterinpit\u00e4j\u00e4n p\u00e4\u00e4toimipisteess\u00e4\u00a0<\/span><span style=\"font-size: 14px;\">osoitteessa Vuorikatu 3, 70100 Kuopio.<\/span><\/p>\n<p><strong>Muut henkil\u00f6tietojen k\u00e4sittelyyn liittyv\u00e4t oikeudet<\/strong><\/p>\n<p>Rekisteriss\u00e4 olevalla henkil\u00f6ll\u00e4 on oikeus pyyt\u00e4\u00e4 h\u00e4nt\u00e4 koskevien henkil\u00f6tietojen poistamista\u00a0<span style=\"font-size: 14px;\">rekisterist\u00e4 (ns. oikeus tulla unohdetuksi). Niin ik\u00e4\u00e4n rekister\u00f6idyill\u00e4 on muut EU:n yleisen\u00a0<\/span><span style=\"font-size: 14px;\">tietosuoja-asetuksen mukaiset oikeudet kuten henkil\u00f6tietojen k\u00e4sittelyn rajoittaminen tietyiss\u00e4\u00a0<\/span><span style=\"font-size: 14px;\">tilanteissa.\u00a0<\/span><\/p>\n<p>Rekisterinpit\u00e4j\u00e4 vastaa asiakkaalle EU:n tietosuoja-asetuksessa s\u00e4\u00e4detyss\u00e4 ajassa (p\u00e4\u00e4s\u00e4\u00e4nt\u00f6isesti\u00a0<span style=\"font-size: 14px;\">kuukauden kuluessa).<\/span><\/p>\n<p><strong>Ev\u00e4steet Salsastudio.fi sivustolla<\/strong><\/p>\n<p>K\u00e4ytetyt ev\u00e4steet voivat olla pitk\u00e4- tai lyhytkestoisia. Pitk\u00e4kestoiset ev\u00e4steet pysyv\u00e4t tallessa sille asetettuun aikarajaan asti. Pysyvi\u00e4 ev\u00e4steit\u00e4 k\u00e4ytet\u00e4\u00e4n mm. tallentamaan aikav\u00e4lin, jonka aikana k\u00e4vij\u00e4\u00e4 ei vaivata \u2018uutiskirjeen tilaus\u2019 -ponnahdusikkunalla.<\/p>\n<p>Lyhytaikaiset (ns. istuntokohtaiset) ev\u00e4steet tallentuvat vain verkkosivustolla vierailun ajaksi k\u00e4ytt\u00e4j\u00e4n laitteelle. Lyhytaikaisilla ev\u00e4steill\u00e4 pidet\u00e4\u00e4n tallessa esimerkiksi osoitetiedot, jotta k\u00e4ytt\u00e4j\u00e4 ei joudu tallentamaan yhteystietojaan uudestaan ne kerran sy\u00f6tetty\u00e4\u00e4n kassalla. Lyhytaikainen ev\u00e4ste h\u00e4vi\u00e4\u00e4 heti, kun verkkoselain suljetaan.<\/p>\n<p>K\u00e4yt\u00e4mme k\u00e4vij\u00e4tietojen analysointiin, markkinoinnin uudelleenkohdistamiseen ja bannerimainontaan sellaisten ulkopuolisten tahojen palveluja, jotka k\u00e4ytt\u00e4v\u00e4t sivustoillamme ev\u00e4steit\u00e4. T\u00e4llaisia palveluntarjoajia ovat seuraavat tahot:<\/p>\n<ul>\n<li>Google Analytics: Google LLC, 1600 Amphitheatre Parkway, Mountain View, CA 94043, USA<\/li>\n<li>The Rocket Science Group, LLC, 675 Ponce de Leon Ave NE, Suite 5000, Atlanta, GA 30308 USA<\/li>\n<li>Automattic Inc., 60 29th Street #343, San Francisco, CA 94110, USA<\/li>\n<\/ul>\n<p>&nbsp;<\/p>\n<p>&nbsp;<\/p>\n<p>[\/et_pb_text][\/et_pb_column][\/et_pb_row][\/et_pb_section][et_pb_section bb_built=&#8221;1&#8243; admin_label=&#8221;CTA&#8221; custom_padding_last_edited=&#8221;on|desktop&#8221; prev_background_color=&#8221;#ffffff&#8221; _builder_version=&#8221;3.10.2&#8243; background_color=&#8221;#ff9d26&#8243; use_background_color_gradient=&#8221;on&#8221; background_color_gradient_start=&#8221;rgba(255,157,38,0.67)&#8221; background_color_gradient_end=&#8221;#ff9d26&#8243; background_color_gradient_overlays_image=&#8221;on&#8221; background_image=&#8221;https:\/\/www.salsastudio.fi\/kuopio\/wp-content\/uploads\/2018\/07\/Salsastudio_kuvitus_full-339-kopio.jpg&#8221; background_position=&#8221;top_center&#8221; custom_margin=&#8221;|||&#8221; custom_padding=&#8221;||0||false|false&#8221; custom_padding_phone=&#8221;200px|||&#8221; top_divider_style=&#8221;wave&#8221; top_divider_height_tablet=&#8221;0px&#8221; top_divider_height_phone=&#8221;0px&#8221; top_divider_height_last_edited=&#8221;on|phone&#8221;][et_pb_row make_fullwidth=&#8221;on&#8221; use_custom_gutter=&#8221;on&#8221; gutter_width=&#8221;1&#8243; custom_padding=&#8221;250px|0px|180px|0px|false|false&#8221; custom_padding_tablet=&#8221;0px|||&#8221; custom_padding_last_edited=&#8221;on|tablet&#8221; _builder_version=&#8221;3.9&#8243;][et_pb_column type=&#8221;4_4&#8243;][et_pb_text admin_label=&#8221;CTA Section Title&#8221; _builder_version=&#8221;3.4.1&#8243; text_font=&#8221;||||||||&#8221; text_line_height=&#8221;1em&#8221; header_font=&#8221;Oswald|700||on|||||&#8221; header_text_align=&#8221;center&#8221; header_text_color=&#8221;#ffffff&#8221; header_font_size=&#8221;60px&#8221; header_line_height=&#8221;1.3em&#8221; module_alignment=&#8221;center&#8221; custom_margin=&#8221;||60px|&#8221; custom_padding=&#8221;|||&#8221; animation_style=&#8221;slide&#8221; animation_direction=&#8221;top&#8221; animation_intensity_slide=&#8221;10%&#8221; locked=&#8221;off&#8221;]<\/p>\n<h1>Valmiina tanssiin?<\/h1>\n<p>[\/et_pb_text][et_pb_button button_url=&#8221;\/kuopio\/ilmoittautuminen&#8221; button_text=&#8221;Ilmoittaudu kurssille&#8221; button_alignment=&#8221;center&#8221; _builder_version=&#8221;3.10.2&#8243; custom_button=&#8221;on&#8221; button_text_color=&#8221;#ffffff&#8221; button_bg_color=&#8221;rgba(255,157,38,0)&#8221; button_border_color=&#8221;#ffffff&#8221; button_border_radius=&#8221;0px&#8221; button_letter_spacing=&#8221;4px&#8221; button_font=&#8221;Oswald|on||on|&#8221; button_icon=&#8221;%%3%%&#8221; button_icon_color=&#8221;#ffffff&#8221; button_text_color_hover=&#8221;#ffffff&#8221; button_bg_color_hover=&#8221;rgba(0,0,0,0)&#8221; button_border_color_hover=&#8221;#ffffff&#8221; button_border_radius_hover=&#8221;0px&#8221; button_letter_spacing_hover=&#8221;4px&#8221; locked=&#8221;off&#8221;]<br \/>\n[\/et_pb_button][\/et_pb_column][\/et_pb_row][\/et_pb_section]<\/p>\n","protected":false},"excerpt":{"rendered":"<p>Tietosuoja Tanssikoulu SalsaStudio KUOPION tietosuojaseloste Tietosuojalain (1050\/2018) ja EU:n yleisen tietosuoja-asetuksen (GDPR) mukainen rekisteri- ja tietosuojaseloste. P\u00e4ivitetty 3.8.2021 Rekisterinpit\u00e4j\u00e4 Ribalta Oy, Kuopion SalsaStudio Y-tunnus 2936325-1 Vuorikatu 3, 70100 Kuopio kuopio@salsastudio.fi 0405395778 Rekisterist\u00e4 vastaava yhteyshenkil\u00f6 Sirpa M\u00f6ksy kuopio@salsastudio.fi Rekisterin nimi Asiakaspalveluj\u00e4rjestelm\u00e4 Oikeusperuste ja henkil\u00f6tietojen k\u00e4sittelyn tarkoitus EU:n yleisen tietosuoja-asetuksen mukainen oikeusperuste henkil\u00f6tietojen k\u00e4sittelylle on henkil\u00f6n oma [&hellip;]<\/p>\n","protected":false},"author":6,"featured_media":0,"parent":0,"menu_order":0,"comment_status":"closed","ping_status":"closed","template":"","meta":{"_et_pb_use_builder":"on","_et_pb_old_content":"","_et_gb_content_width":"","footnotes":""},"_links":{"self":[{"href":"https:\/\/www.salsastudio.fi\/kuopio\/wp-json\/wp\/v2\/pages\/6378"}],"collection":[{"href":"https:\/\/www.salsastudio.fi\/kuopio\/wp-json\/wp\/v2\/pages"}],"about":[{"href":"https:\/\/www.salsastudio.fi\/kuopio\/wp-json\/wp\/v2\/types\/page"}],"author":[{"embeddable":true,"href":"https:\/\/www.salsastudio.fi\/kuopio\/wp-json\/wp\/v2\/users\/6"}],"replies":[{"embeddable":true,"href":"https:\/\/www.salsastudio.fi\/kuopio\/wp-json\/wp\/v2\/comments?post=6378"}],"version-history":[{"count":8,"href":"https:\/\/www.salsastudio.fi\/kuopio\/wp-json\/wp\/v2\/pages\/6378\/revisions"}],"predecessor-version":[{"id":6842,"href":"https:\/\/www.salsastudio.fi\/kuopio\/wp-json\/wp\/v2\/pages\/6378\/revisions\/6842"}],"wp:attachment":[{"href":"https:\/\/www.salsastudio.fi\/kuopio\/wp-json\/wp\/v2\/media?parent=6378"}],"curies":[{"name":"wp","href":"https:\/\/api.w.org\/{rel}","templated":true}]}}